{"id":532,"date":"2021-06-05T15:22:08","date_gmt":"2021-06-05T15:22:08","guid":{"rendered":"http:\/\/labserendipia.com\/?page_id=532"},"modified":"2021-07-02T01:00:22","modified_gmt":"2021-07-02T01:00:22","slug":"iniciativas","status":"publish","type":"page","link":"https:\/\/labserendipia.com\/?page_id=532","title":{"rendered":"Iniciativas Lab"},"content":{"rendered":"\n<div class=\"is-layout-flex wp-container-11 wp-block-columns\">\n<div class=\"is-layout-flow wp-block-column\">\n<div class=\"is-layout-flex wp-container-3 wp-block-columns\">\n<div class=\"is-layout-flow wp-block-column\" style=\"flex-basis:40%\">\n<h2 class=\"has-text-color\" style=\"color:#249bab\">Ecosistemas de Innovaci\u00f3n Educativa<\/h2>\n\n\n\n<hr class=\"wp-block-separator\"\/>\n\n\n\n<p><\/p>\n\n\n\n<div class=\"wp-block-image is-style-rounded\"><figure class=\"aligncenter size-full is-resized\"><img decoding=\"async\" loading=\"lazy\" src=\"https:\/\/labserendipia.com\/wp-content\/uploads\/2021\/06\/abejas.png\" alt=\"\" class=\"wp-image-736\" width=\"300\" height=\"200\"\/><\/figure><\/div>\n<\/div>\n\n\n\n<div class=\"is-layout-flow wp-block-column\" style=\"flex-basis:66.66%\">\n<p class=\"has-text-align-left\">Son entornos org\u00e1nicos de conexiones (relacionamiento) y acciones (actuaci\u00f3n) que se configuran a trav\u00e9s de un prop\u00f3sito compartido, y que provocan altos niveles de convergencia, adaptaci\u00f3n y flexiblidad. <\/p>\n\n\n\n<p class=\"has-text-align-left\">En LabSerendipia hemos dise\u00f1ado una metodolog\u00eda para la configuraci\u00f3n y dinamizaci\u00f3n de los ecosistemas de innovaci\u00f3n, que permite hacer un diagn\u00f3stico del territorio a partir de mapas multidimensionales; con base en estos resultados, generamos estrategias de impacto colectivo, innovaci\u00f3n, y movilizaci\u00f3n social, que impulsen la gesti\u00f3n del ecosistema de innovaci\u00f3n , y en consecuencia el fortalecimiento de los potenciales de los territorios intervenidos.<\/p>\n\n\n\n<p class=\"has-text-align-left\">Algunos de los miembros de nuestro equipo participaron directamente en el dise\u00f1o e implementaci\u00f3n de esta metodolog\u00eda para la dinamizaci\u00f3n de ecosistemas de innovaci\u00f3n educativa de Atl\u00e1ntico, Catatumbo, Montes de Mar\u00eda, Valle del Cauca; as\u00ed como en la configuraci\u00f3n de los ecosistemas de la Regi\u00f3n Centro, Regi\u00f3n Sur, Regi\u00f3n Centro Oriente, Regi\u00f3n Norte, y Regi\u00f3n Cafetera, impulsados por el Ministerio de Educaci\u00f3n Nacional, el Ministerio&nbsp;de Tecnolog\u00edas de la Informaci\u00f3n y las Comunicaciones, UNICEF, Universidades y ONG\u00b4s. <\/p>\n<\/div>\n<\/div>\n\n\n\n<hr class=\"wp-block-separator\"\/>\n\n\n\n<div class=\"is-layout-flex wp-container-6 wp-block-columns\">\n<div class=\"is-layout-flow wp-block-column\" style=\"flex-basis:40%\">\n<h2 class=\"has-text-color\" style=\"color:#249bab\">Escuela Extendida<\/h2>\n\n\n\n<hr class=\"wp-block-separator\"\/>\n\n\n\n<p><\/p>\n\n\n\n<div class=\"wp-block-image is-style-rounded\"><figure class=\"aligncenter size-full is-resized\"><img decoding=\"async\" loading=\"lazy\" src=\"https:\/\/labserendipia.com\/wp-content\/uploads\/2021\/06\/Escuela-Extendida-1.png\" alt=\"\" class=\"wp-image-735\" width=\"300\" height=\"200\"\/><\/figure><\/div>\n<\/div>\n\n\n\n<div class=\"is-layout-flow wp-block-column\" style=\"flex-basis:66.66%\">\n<p class=\"has-text-align-left\">Es una iniciativa de innovaci\u00f3n educativa para la transformaci\u00f3n escolar y el desarrollo territorial. <\/p>\n\n\n\n<p class=\"has-text-align-left\">Naci\u00f3 como respuesta a la necesidad de renovaci\u00f3n del sistema educativo, generada con urgencia por la emergencia de la pandemia del Covid 19 que hemos atravesado a nivel mundial desde el a\u00f1o 2020. Esta iniciativa ha sido desplegada en Colombia y en Honduras.<\/p>\n\n\n\n<p class=\"has-text-align-left\">Escuela Extendida se ha enfocado en la soluci\u00f3n de dos desaf\u00edos principales, de impacto colectivo y de innovaci\u00f3n educativa. En el primero busca reducir el impacto de la pandemia del COVID-19 en el sistema educativo, desde la colaboraci\u00f3n de la empresa privada, fundaciones y l\u00edderes comunitarios, entre otros, y en el segundo, fortalecer los procesos de ense\u00f1anza -aprendizaje, de los actores en sus territorios.<\/p>\n<\/div>\n<\/div>\n\n\n\n<hr class=\"wp-block-separator\"\/>\n\n\n\n<div class=\"is-layout-flex wp-container-9 wp-block-columns\">\n<div class=\"is-layout-flow wp-block-column\" style=\"flex-basis:40%\">\n<h2 class=\"has-text-color\" style=\"color:#249bab\">ORIZON: Educaci\u00f3n de futuro<\/h2>\n\n\n\n<hr class=\"wp-block-separator\"\/>\n\n\n\n<div class=\"wp-block-image is-style-rounded\"><figure class=\"aligncenter size-large is-resized\"><img decoding=\"async\" loading=\"lazy\" src=\"http:\/\/labserendipia.com\/wp-content\/uploads\/2021\/07\/ORIZON.png\" alt=\"\" class=\"wp-image-783\" width=\"300\" height=\"173\"\/><\/figure><\/div>\n<\/div>\n\n\n\n<div class=\"is-layout-flow wp-block-column\" style=\"flex-basis:66.66%\">\n<p class=\"has-text-align-left\">Aprovechamos nuestra experiencia en innovaci\u00f3n educativa para pensar y desarrollar acciones que nos permitan materializar desde hoy la educaci\u00f3n de futuro. Una educaci\u00f3n que debe ser sensible y equilibrada con nosotros mismos, con los otros, con el mundo, y con la realidad que habitamos. &nbsp;<\/p>\n\n\n\n<p class=\"has-text-align-left\">Actualmente estamos dise\u00f1ando ORIZON, un dispositivo que posibilita el dise\u00f1o de futuros, a partir de an\u00e1lisis de tendencias, proyecciones, pron\u00f3sticos y prospectivas. <\/p>\n\n\n\n<p class=\"has-text-align-left\">Este dispositivo aportar\u00e1 elementos transcendentales y concretos para la construcci\u00f3n de alternativas y la toma de decisiones para dise\u00f1ar las mejores y m\u00e1s adecuadas experiencias educativas que fortalezcan el desarrollo de las capacidades, competencias, maestr\u00edas y habilidades, que permitan enfrentar las realidades del futuro.<\/p>\n<\/div>\n<\/div>\n<\/div>\n<\/div>\n\n\n\n<p><\/p>\n","protected":false},"excerpt":{"rendered":"<p>Ecosistemas de Innovaci\u00f3n Educativa Son entornos org\u00e1nicos de conexiones (relacionamiento) y acciones (actuaci\u00f3n) que se configuran a trav\u00e9s de un prop\u00f3sito compartido, y que provocan altos niveles de convergencia, adaptaci\u00f3n [&hellip;]<\/p>\n","protected":false},"author":1,"featured_media":0,"parent":0,"menu_order":0,"comment_status":"closed","ping_status":"closed","template":"page-fullwidth.php","meta":[],"_links":{"self":[{"href":"https:\/\/labserendipia.com\/index.php?rest_route=\/wp\/v2\/pages\/532"}],"collection":[{"href":"https:\/\/labserendipia.com\/index.php?rest_route=\/wp\/v2\/pages"}],"about":[{"href":"https:\/\/labserendipia.com\/index.php?rest_route=\/wp\/v2\/types\/page"}],"author":[{"embeddable":true,"href":"https:\/\/labserendipia.com\/index.php?rest_route=\/wp\/v2\/users\/1"}],"replies":[{"embeddable":true,"href":"https:\/\/labserendipia.com\/index.php?rest_route=%2Fwp%2Fv2%2Fcomments&post=532"}],"version-history":[{"count":25,"href":"https:\/\/labserendipia.com\/index.php?rest_route=\/wp\/v2\/pages\/532\/revisions"}],"predecessor-version":[{"id":785,"href":"https:\/\/labserendipia.com\/index.php?rest_route=\/wp\/v2\/pages\/532\/revisions\/785"}],"wp:attachment":[{"href":"https:\/\/labserendipia.com\/index.php?rest_route=%2Fwp%2Fv2%2Fmedia&parent=532"}],"curies":[{"name":"wp","href":"https:\/\/api.w.org\/{rel}","templated":true}]}}